{"id":735,"date":"2015-03-01T11:38:16","date_gmt":"2015-03-01T11:38:16","guid":{"rendered":"http:\/\/www.haus-und-hof-fotograf.de\/?page_id=735"},"modified":"2020-10-27T12:12:50","modified_gmt":"2020-10-27T12:12:50","slug":"impressum","status":"publish","type":"page","link":"https:\/\/www.haus-und-hof-fotograf.de\/?page_id=735","title":{"rendered":"Impressum"},"content":{"rendered":"<p>Inhaltlich Verantwortlicher<br \/>\n(gem\u00e4\u00df \u00a7 55 As. 2 RStV)<br \/>\nMartin Christian H\u00fcnerhoff<\/p>\n<p>Rechtlicher Hinweis<br \/>\nDas Copyright aller Bildwerke liegen bei Martin Christian H\u00fcnerhoff. Die Ver\u00f6ffentlichung und jede auszugsweise private oder gewerbliche Nutzung der dargestellten Bildwerke bedarf der vorherigen schriftlichen Genehmigung.<\/p>\n","protected":false},"excerpt":{"rendered":"<p>Inhaltlich Verantwortlicher (gem\u00e4\u00df \u00a7 55 As. 2 RStV) Martin Christian H\u00fcnerhoff Rechtlicher Hinweis Das Copyright aller Bildwerke liegen bei Martin Christian H\u00fcnerhoff. Die Ver\u00f6ffentlichung und jede auszugsweise private oder gewerbliche Nutzung der dargestellten Bildwerke bedarf der vorherigen schriftlichen Genehmigung.<\/p>\n<div class=\"wrap-excerpt-more\"><a class=\"excerpt-more\" href=\"https:\/\/www.haus-und-hof-fotograf.de\/?page_id=735\">Read more<\/a><\/div>\n","protected":false},"author":1,"featured_media":742,"parent":0,"menu_order":0,"comment_status":"closed","ping_status":"closed","template":"template-contacts.php","meta":{"footnotes":""},"class_list":["post-735","page","type-page","status-publish","has-post-thumbnail","hentry","post--featured-image"],"_links":{"self":[{"href":"https:\/\/www.haus-und-hof-fotograf.de\/index.php?rest_route=\/wp\/v2\/pages\/735","targetHints":{"allow":["GET"]}}],"collection":[{"href":"https:\/\/www.haus-und-hof-fotograf.de\/index.php?rest_route=\/wp\/v2\/pages"}],"about":[{"href":"https:\/\/www.haus-und-hof-fotograf.de\/index.php?rest_route=\/wp\/v2\/types\/page"}],"author":[{"embeddable":true,"href":"https:\/\/www.haus-und-hof-fotograf.de\/index.php?rest_route=\/wp\/v2\/users\/1"}],"replies":[{"embeddable":true,"href":"https:\/\/www.haus-und-hof-fotograf.de\/index.php?rest_route=%2Fwp%2Fv2%2Fcomments&post=735"}],"version-history":[{"count":6,"href":"https:\/\/www.haus-und-hof-fotograf.de\/index.php?rest_route=\/wp\/v2\/pages\/735\/revisions"}],"predecessor-version":[{"id":1271,"href":"https:\/\/www.haus-und-hof-fotograf.de\/index.php?rest_route=\/wp\/v2\/pages\/735\/revisions\/1271"}],"wp:featuredmedia":[{"embeddable":true,"href":"https:\/\/www.haus-und-hof-fotograf.de\/index.php?rest_route=\/wp\/v2\/media\/742"}],"wp:attachment":[{"href":"https:\/\/www.haus-und-hof-fotograf.de\/index.php?rest_route=%2Fwp%2Fv2%2Fmedia&parent=735"}],"curies":[{"name":"wp","href":"https:\/\/api.w.org\/{rel}","templated":true}]}}